{"id":1817,"date":"2014-12-08T17:45:03","date_gmt":"2014-12-08T15:45:03","guid":{"rendered":"http:\/\/vogtpartner.eu\/?page_id=1817"},"modified":"2015-11-09T17:30:18","modified_gmt":"2015-11-09T15:30:18","slug":"fr-tageslicht","status":"publish","type":"page","link":"https:\/\/vogtpartner.eu\/fr\/fr-tageslicht\/","title":{"rendered":"lumi\u00e8re naturelle"},"content":{"rendered":"<p>UTILISATION INTELLIGENTE DE LA LUMI\u00c8RE DU JOUR<\/p>\n<p>EN CONFORMITE AVEC L\u2019ARCHITECTURE<br \/>\nLa lumi\u00e8re naturelle contribue largement \u00e0 la qualit\u00e9 de l\u2019espace et au bien-\u00eatre resenti. La juste quantit\u00e9 au bon endroit est n\u00e9cessaire. Nous calculons pour vous les param\u00e8tres de planification comme le temps d\u2019utilisation, la distribution de l\u2019espace, les coefficients de lumi\u00e8re du jour et l\u2019influence spectrale. Selon les besoins, nous simulons les \u00e9clairements v\u00e9ritables par informatique avec l\u2019implantation des b\u00e2timents et des espaces environnants ou bien directement sur maquette.<\/p>\n<p>MESURABLE<br \/>\nNotre exp\u00e9rience et notre m\u00e9thode \u00e9prouv\u00e9e nous permettent d\u2019analyser des b\u00e2timents existants ou des sites de construction futurs de mani\u00e8re efficace et de vous fournir les donn\u00e9es n\u00e9cessaires \u00e0 la d\u00e9cision. Nous cr\u00e9ons des images des espaces correctes pour vous permettre de visualiser ce qui est essentiel avant la r\u00e9alisation. Nous fournissons les attestations n\u00e9cessaires pour les certifications LEED ou Minergie.<\/p>\n<p>NON EBLOUISSANTE<br \/>\nUne analyse d\u00e9taill\u00e9e de l\u2019exposition solaire montre l\u2019ombrage type. Nous pouvons d\u00e9terminer la protection anti-\u00e9blouissement id\u00e9ale adapt\u00e9 \u00e0 l\u2019utilisation de l\u2019espace. Ainsi, ergonomie visuelle et efficacit\u00e9 des solutions sont garanties.<\/p>\n","protected":false},"excerpt":{"rendered":"<p>UTILISATION INTELLIGENTE DE LA LUMI\u00c8RE DU JOUR EN CONFORMITE AVEC <img decoding=\"async\" class=\"button_pfeil_inhalt\" src=\"https:\/\/vogtpartner.eu\/wp-content\/themes\/vogt\/img\/button_pfeil_inhalt.png\" ><\/p>\n","protected":false},"author":3,"featured_media":2268,"parent":0,"menu_order":14,"comment_status":"closed","ping_status":"closed","template":"","meta":{"_acf_changed":false,"footnotes":""},"class_list":["post-1817","page","type-page","status-publish","has-post-thumbnail","hentry"],"acf":[],"_links":{"self":[{"href":"https:\/\/vogtpartner.eu\/fr\/wp-json\/wp\/v2\/pages\/1817","targetHints":{"allow":["GET"]}}],"collection":[{"href":"https:\/\/vogtpartner.eu\/fr\/wp-json\/wp\/v2\/pages"}],"about":[{"href":"https:\/\/vogtpartner.eu\/fr\/wp-json\/wp\/v2\/types\/page"}],"author":[{"embeddable":true,"href":"https:\/\/vogtpartner.eu\/fr\/wp-json\/wp\/v2\/users\/3"}],"replies":[{"embeddable":true,"href":"https:\/\/vogtpartner.eu\/fr\/wp-json\/wp\/v2\/comments?post=1817"}],"version-history":[{"count":7,"href":"https:\/\/vogtpartner.eu\/fr\/wp-json\/wp\/v2\/pages\/1817\/revisions"}],"predecessor-version":[{"id":2949,"href":"https:\/\/vogtpartner.eu\/fr\/wp-json\/wp\/v2\/pages\/1817\/revisions\/2949"}],"wp:featuredmedia":[{"embeddable":true,"href":"https:\/\/vogtpartner.eu\/fr\/wp-json\/wp\/v2\/media\/2268"}],"wp:attachment":[{"href":"https:\/\/vogtpartner.eu\/fr\/wp-json\/wp\/v2\/media?parent=1817"}],"curies":[{"name":"wp","href":"https:\/\/api.w.org\/{rel}","templated":true}]}}