{"id":1819,"date":"2014-12-08T17:49:17","date_gmt":"2014-12-08T15:49:17","guid":{"rendered":"http:\/\/vogtpartner.eu\/?page_id=1819"},"modified":"2022-12-01T11:47:42","modified_gmt":"2022-12-01T10:47:42","slug":"fr-kunstlicht","status":"publish","type":"page","link":"https:\/\/vogtpartner.eu\/fr\/fr-kunstlicht\/","title":{"rendered":"lumi\u00e8re artificielle"},"content":{"rendered":"<p>EN ACCORD AVEC L\u2019ESPRIT DE L\u2019ARCHITECTURE<\/p>\n<p>UNIQUE<br \/>\nNotre lumi\u00e8re rend visible les espaces con\u00e7us. Nous cr\u00e9ons des exp\u00e9riences spatiales esth\u00e9tiques et uniques en combinant cr\u00e9ativit\u00e9 et connaissances techniques \u2013en tenant toujours compte de l\u2019entretien et l\u2019efficacit\u00e9 \u00e9nerg\u00e9tique.<\/p>\n<p>CIBL\u00c9<br \/>\nNous prenons en consid\u00e9ration les aspects comme la promotion des ventes, la sant\u00e9, la protection des rayonnements, l\u2019environnement, l\u2019identit\u00e9 de l\u2019entreprise, le bien-\u00eatre, le guidage lumineux, le marketing et la s\u00e9curit\u00e9. Les mises en images produites permettent de vous assurer que l\u2019effet de la lumi\u00e8re correspond \u00e0 votre id\u00e9e. Les simulations d\u2019\u00e9clairage permettent de v\u00e9rifier et garantir que les normes et r\u00e8glementations sont respect\u00e9es.<\/p>\n<p>OPTIMIS\u00c9<br \/>\nDes soumissions de luminaires ind\u00e9pendantes permettent une fourniture des luminaires avec le meilleur rapport qualit\u00e9-prix. Enfin et surtout, notre v\u00e9rification attentive des dur\u00e9es de vie assure une durabilit\u00e9 d\u2019ensemble et des frais d\u2019entretien minimaux.<\/p>\n","protected":false},"excerpt":{"rendered":"<p>EN ACCORD AVEC L\u2019ESPRIT DE L\u2019ARCHITECTURE UNIQUE Notre lumi\u00e8re rend <img decoding=\"async\" class=\"button_pfeil_inhalt\" src=\"https:\/\/vogtpartner.eu\/wp-content\/themes\/vogt\/img\/button_pfeil_inhalt.png\" ><\/p>\n","protected":false},"author":3,"featured_media":2269,"parent":0,"menu_order":53,"comment_status":"closed","ping_status":"closed","template":"","meta":{"_acf_changed":false,"footnotes":""},"class_list":["post-1819","page","type-page","status-publish","has-post-thumbnail","hentry"],"acf":[],"_links":{"self":[{"href":"https:\/\/vogtpartner.eu\/fr\/wp-json\/wp\/v2\/pages\/1819","targetHints":{"allow":["GET"]}}],"collection":[{"href":"https:\/\/vogtpartner.eu\/fr\/wp-json\/wp\/v2\/pages"}],"about":[{"href":"https:\/\/vogtpartner.eu\/fr\/wp-json\/wp\/v2\/types\/page"}],"author":[{"embeddable":true,"href":"https:\/\/vogtpartner.eu\/fr\/wp-json\/wp\/v2\/users\/3"}],"replies":[{"embeddable":true,"href":"https:\/\/vogtpartner.eu\/fr\/wp-json\/wp\/v2\/comments?post=1819"}],"version-history":[{"count":6,"href":"https:\/\/vogtpartner.eu\/fr\/wp-json\/wp\/v2\/pages\/1819\/revisions"}],"predecessor-version":[{"id":7372,"href":"https:\/\/vogtpartner.eu\/fr\/wp-json\/wp\/v2\/pages\/1819\/revisions\/7372"}],"wp:featuredmedia":[{"embeddable":true,"href":"https:\/\/vogtpartner.eu\/fr\/wp-json\/wp\/v2\/media\/2269"}],"wp:attachment":[{"href":"https:\/\/vogtpartner.eu\/fr\/wp-json\/wp\/v2\/media?parent=1819"}],"curies":[{"name":"wp","href":"https:\/\/api.w.org\/{rel}","templated":true}]}}