{"id":1844,"date":"2014-12-11T17:43:39","date_gmt":"2014-12-11T15:43:39","guid":{"rendered":"http:\/\/vogtpartner.eu\/?page_id=1844"},"modified":"2015-09-01T17:26:19","modified_gmt":"2015-09-01T15:26:19","slug":"fr-impressum","status":"publish","type":"page","link":"https:\/\/vogtpartner.eu\/fr\/fr-impressum\/","title":{"rendered":"mentions l\u00e9gales"},"content":{"rendered":"<p>CONCEPTION<br \/>\nLa conception de la structure de ce site www.vogtpartner.eu a \u00e9t\u00e9 r\u00e9alis\u00e9e par la soci\u00e9t\u00e9 confident gmbh, Winterthour.<\/p>\n<p>DROITS D&rsquo;AUTEUR<br \/>\nLe contenu, les images, les textes, les photos du site www.vogtpartner.eu sont la propri\u00e9t\u00e9 et prot\u00e9g\u00e9s par copyright et ne peuvent \u00eatre d&rsquo;aucune mani\u00e8re utilis\u00e9s sans le consentement \u00e9crit de vogtpartner.<\/p>\n<p>RESPONSABILIT\u00c9<br \/>\nLe contenu de ce site a \u00e9t\u00e9 cr\u00e9\u00e9 avec le plus grand soin. N\u00e9anmoins, vogtpartner ne peut en aucun cas \u00eatre tenu responsable de son exactitude, de son exhaustivit\u00e9 et de sa mise \u00e0 jour.<\/p>\n","protected":false},"excerpt":{"rendered":"<p>CONCEPTION La conception de la structure de ce site www.vogtpartner.eu <img decoding=\"async\" class=\"button_pfeil_inhalt\" src=\"https:\/\/vogtpartner.eu\/wp-content\/themes\/vogt\/img\/button_pfeil_inhalt.png\" ><\/p>\n","protected":false},"author":3,"featured_media":0,"parent":0,"menu_order":8,"comment_status":"closed","ping_status":"closed","template":"","meta":{"_acf_changed":false,"footnotes":""},"class_list":["post-1844","page","type-page","status-publish","hentry"],"acf":[],"_links":{"self":[{"href":"https:\/\/vogtpartner.eu\/fr\/wp-json\/wp\/v2\/pages\/1844","targetHints":{"allow":["GET"]}}],"collection":[{"href":"https:\/\/vogtpartner.eu\/fr\/wp-json\/wp\/v2\/pages"}],"about":[{"href":"https:\/\/vogtpartner.eu\/fr\/wp-json\/wp\/v2\/types\/page"}],"author":[{"embeddable":true,"href":"https:\/\/vogtpartner.eu\/fr\/wp-json\/wp\/v2\/users\/3"}],"replies":[{"embeddable":true,"href":"https:\/\/vogtpartner.eu\/fr\/wp-json\/wp\/v2\/comments?post=1844"}],"version-history":[{"count":3,"href":"https:\/\/vogtpartner.eu\/fr\/wp-json\/wp\/v2\/pages\/1844\/revisions"}],"predecessor-version":[{"id":2981,"href":"https:\/\/vogtpartner.eu\/fr\/wp-json\/wp\/v2\/pages\/1844\/revisions\/2981"}],"wp:attachment":[{"href":"https:\/\/vogtpartner.eu\/fr\/wp-json\/wp\/v2\/media?parent=1844"}],"curies":[{"name":"wp","href":"https:\/\/api.w.org\/{rel}","templated":true}]}}