{"id":1853,"date":"2014-12-11T17:46:47","date_gmt":"2014-12-11T15:46:47","guid":{"rendered":"http:\/\/vogtpartner.eu\/?page_id=1853"},"modified":"2022-12-01T11:46:05","modified_gmt":"2022-12-01T10:46:05","slug":"fr-expertisen","status":"publish","type":"page","link":"https:\/\/vogtpartner.eu\/fr\/fr-expertisen\/","title":{"rendered":"expertises"},"content":{"rendered":"<p>EXPERTISES EN ECLAIRAGE, IND\u00c9PENDANTES ET TECHNIQUEMENT CORRECTES<\/p>\n<p>NEUTRES<br \/>\nNous offrons des avis ind\u00e9pendants, \u00e9laborons des expertises techniques et examinons des projets d&rsquo;\u00e9clairage. Tant pour un contr\u00f4le priv\u00e9 qu\u2019une expertise ayant valeur juridique. Nos comp\u00e9tences sp\u00e9cialis\u00e9es et nos appareils de mesure professionnels permettent d\u2019\u00e9valuer des produits d\u2019\u00e9clairage, mat\u00e9riaux ou installations complexes d\u2019\u00e9clairage en lumi\u00e8re du jour ou artificiel.<\/p>\n<p>EN R\u00c9SEAU<br \/>\nNotre grand r\u00e9seau englobant plusieurs disciplines nous aide \u00e0 r\u00e9pondre aux probl\u00e9matiques d\u2019\u00e9clairage li\u00e9es \u00e0 la sant\u00e9, la psychologie ou \u00e0 l\u2019utilisation des couleurs.<\/p>\n<p>COMPETENCES MISES A JOUR<br \/>\nLa formation continue interne et externe ainsi que la participation r\u00e9guli\u00e8re aux conf\u00e9rences sp\u00e9cialis\u00e9es assurent l\u2019actualisation permanente de nos connaissances. Ces derni\u00e8re \u00e9tant v\u00e9rifi\u00e9es et consolid\u00e9es par des s\u00e9ries d\u2019essais et d\u2019\u00e9tudes de mesure.<\/p>\n<p>AFFILIATIONS ET COMPETENCES<br \/>\n\u2219 Autorit\u00e9 de contr\u00f4le priv\u00e9 du canton de Zurich<br \/>\n\u2219 Partenaire sp\u00e9cialiste Minergie<br \/>\n\u2219 Association suisse pour l\u2019\u00e9clairage (SLG)<br \/>\n\u2219 Association allemande pour l\u2019\u00e9clairage (LiTG)<br \/>\n\u2219 Association autrichienne pour l\u2019\u00e9clairage (LTG)<br \/>\n\u2219 Association Fran\u00e7aise de l&rsquo;Eclairage (AFE)<br \/>\n\u2219 Association des Concepteurs lumi\u00e8re et Eclairagistes (ACE)<br \/>\n\u2219 International Association of Lighting Designers (IALD)<br \/>\n\u2219 Association des ing\u00e9nieurs d&rsquo;Allemagne (VDI)<br \/>\n\u2219 DIN-certifi\u00e9<\/p>\n","protected":false},"excerpt":{"rendered":"<p>EXPERTISES EN ECLAIRAGE, IND\u00c9PENDANTES ET TECHNIQUEMENT CORRECTES NEUTRES Nous offrons <img decoding=\"async\" class=\"button_pfeil_inhalt\" src=\"https:\/\/vogtpartner.eu\/wp-content\/themes\/vogt\/img\/button_pfeil_inhalt.png\" ><\/p>\n","protected":false},"author":3,"featured_media":1608,"parent":0,"menu_order":27,"comment_status":"closed","ping_status":"closed","template":"","meta":{"_acf_changed":false,"footnotes":""},"class_list":["post-1853","page","type-page","status-publish","has-post-thumbnail","hentry"],"acf":[],"_links":{"self":[{"href":"https:\/\/vogtpartner.eu\/fr\/wp-json\/wp\/v2\/pages\/1853","targetHints":{"allow":["GET"]}}],"collection":[{"href":"https:\/\/vogtpartner.eu\/fr\/wp-json\/wp\/v2\/pages"}],"about":[{"href":"https:\/\/vogtpartner.eu\/fr\/wp-json\/wp\/v2\/types\/page"}],"author":[{"embeddable":true,"href":"https:\/\/vogtpartner.eu\/fr\/wp-json\/wp\/v2\/users\/3"}],"replies":[{"embeddable":true,"href":"https:\/\/vogtpartner.eu\/fr\/wp-json\/wp\/v2\/comments?post=1853"}],"version-history":[{"count":15,"href":"https:\/\/vogtpartner.eu\/fr\/wp-json\/wp\/v2\/pages\/1853\/revisions"}],"predecessor-version":[{"id":7370,"href":"https:\/\/vogtpartner.eu\/fr\/wp-json\/wp\/v2\/pages\/1853\/revisions\/7370"}],"wp:featuredmedia":[{"embeddable":true,"href":"https:\/\/vogtpartner.eu\/fr\/wp-json\/wp\/v2\/media\/1608"}],"wp:attachment":[{"href":"https:\/\/vogtpartner.eu\/fr\/wp-json\/wp\/v2\/media?parent=1853"}],"curies":[{"name":"wp","href":"https:\/\/api.w.org\/{rel}","templated":true}]}}