{"id":1863,"date":"2014-12-11T17:48:45","date_gmt":"2014-12-11T15:48:45","guid":{"rendered":"http:\/\/vogtpartner.eu\/?page_id=1863"},"modified":"2015-11-09T17:28:36","modified_gmt":"2015-11-09T15:28:36","slug":"fr-produktdesign","status":"publish","type":"page","link":"https:\/\/vogtpartner.eu\/fr\/fr-produktdesign\/","title":{"rendered":"design produits"},"content":{"rendered":"<p>DES PRODUITS D\u2019ECLAIRAGE UTILES ET VENDEURS<\/p>\n<p>APPROPRIES AU MARCHE<br \/>\nNous, planificateurs ind\u00e9pendants, privil\u00e9gions avant toute chose la qualit\u00e9 de la lumi\u00e8re. Nous comprenons les besoins de l\u2019architecture et les exigences li\u00e9es \u00e0 l\u2019ergonomie. Nous connaissons \u00e9galement les produits disponibles sur le march\u00e9 et en cours de d\u00e9veloppement.<\/p>\n<p>VISANT L\u2019EXCELLENCE<br \/>\nSelon les besoins, nous concevons des produits en s\u00e9rie et les rendons commercialisables. Certains ont m\u00eame re\u00e7u des distinctions, par exemple le Red Dot Award \u201eBest of the Best\u201c pour la s\u00e9rie Nightelements.<\/p>\n<p>D\u2019EXPERIENCE<br \/>\nNous nous appuyons sur nos connaissances des facteurs techniques de conception et d\u2019\u00e9clairage dans le d\u00e9veloppement des solutions d\u2019\u00e9clairage. Nous nous concentrons \u00e0 l\u2019essentiel pour marier lumi\u00e8re et design de fa\u00e7on optimale.<\/p>\n","protected":false},"excerpt":{"rendered":"<p>DES PRODUITS D\u2019ECLAIRAGE UTILES ET VENDEURS APPROPRIES AU MARCHE Nous, <img decoding=\"async\" class=\"button_pfeil_inhalt\" src=\"https:\/\/vogtpartner.eu\/wp-content\/themes\/vogt\/img\/button_pfeil_inhalt.png\" ><\/p>\n","protected":false},"author":3,"featured_media":2276,"parent":0,"menu_order":35,"comment_status":"closed","ping_status":"closed","template":"","meta":{"_acf_changed":false,"footnotes":""},"class_list":["post-1863","page","type-page","status-publish","has-post-thumbnail","hentry"],"acf":[],"_links":{"self":[{"href":"https:\/\/vogtpartner.eu\/fr\/wp-json\/wp\/v2\/pages\/1863","targetHints":{"allow":["GET"]}}],"collection":[{"href":"https:\/\/vogtpartner.eu\/fr\/wp-json\/wp\/v2\/pages"}],"about":[{"href":"https:\/\/vogtpartner.eu\/fr\/wp-json\/wp\/v2\/types\/page"}],"author":[{"embeddable":true,"href":"https:\/\/vogtpartner.eu\/fr\/wp-json\/wp\/v2\/users\/3"}],"replies":[{"embeddable":true,"href":"https:\/\/vogtpartner.eu\/fr\/wp-json\/wp\/v2\/comments?post=1863"}],"version-history":[{"count":2,"href":"https:\/\/vogtpartner.eu\/fr\/wp-json\/wp\/v2\/pages\/1863\/revisions"}],"predecessor-version":[{"id":2948,"href":"https:\/\/vogtpartner.eu\/fr\/wp-json\/wp\/v2\/pages\/1863\/revisions\/2948"}],"wp:featuredmedia":[{"embeddable":true,"href":"https:\/\/vogtpartner.eu\/fr\/wp-json\/wp\/v2\/media\/2276"}],"wp:attachment":[{"href":"https:\/\/vogtpartner.eu\/fr\/wp-json\/wp\/v2\/media?parent=1863"}],"curies":[{"name":"wp","href":"https:\/\/api.w.org\/{rel}","templated":true}]}}