{"id":1865,"date":"2014-12-11T17:49:14","date_gmt":"2014-12-11T15:49:14","guid":{"rendered":"http:\/\/vogtpartner.eu\/?page_id=1865"},"modified":"2015-11-09T18:12:37","modified_gmt":"2015-11-09T16:12:37","slug":"fr-schulung","status":"publish","type":"page","link":"https:\/\/vogtpartner.eu\/fr\/fr-schulung\/","title":{"rendered":"enseignement | recherche"},"content":{"rendered":"<p>TRANSMETTRE ET DEVELOPPER<\/p>\n<p>FORMATION CONTINUE<br \/>\nVous souhaitez mettre \u00e0 jour vos connaissances ou pr\u00e9parer votre \u00e9quipe \u00e0 des t\u00e2ches d\u2019\u00e9clairagisme ? Nous vous proposons un renforcement ou une formation continue en \u00e9clairage sp\u00e9cialement cibl\u00e9s \u00e0 vos besoins.<\/p>\n<p>RECHERCHE<br \/>\nTransmettre nos connaissances et notre exp\u00e9rience de mani\u00e8re simple et compr\u00e9hensible est important \u00e0 nos yeux. Nous poser des questions et trouver de nouvelles voies. C\u2019est pourquoi nous accompagnons des travaux de m\u00e9moires et de th\u00e8ses et nous nous engageons dans des programmes de recherche. Nous sommes par exemple partenaire dans le programme de recherche suisse NEST de l\u2019EMPA.<\/p>\n<p>ENSEIGNEMENT<br \/>\nCertains de nos collaborateurs transmettent leur exp\u00e9rience dans le domaine de l\u2019\u00e9clairage au travers de cours dans les Universit\u00e9s, de conf\u00e9rences et de publications en Suisse et \u00e0 l\u2019\u00e9tranger.<\/p>\n","protected":false},"excerpt":{"rendered":"<p>TRANSMETTRE ET DEVELOPPER FORMATION CONTINUE Vous souhaitez mettre \u00e0 jour <img decoding=\"async\" class=\"button_pfeil_inhalt\" src=\"https:\/\/vogtpartner.eu\/wp-content\/themes\/vogt\/img\/button_pfeil_inhalt.png\" ><\/p>\n","protected":false},"author":3,"featured_media":2273,"parent":0,"menu_order":41,"comment_status":"closed","ping_status":"closed","template":"","meta":{"_acf_changed":false,"footnotes":""},"class_list":["post-1865","page","type-page","status-publish","has-post-thumbnail","hentry"],"acf":[],"_links":{"self":[{"href":"https:\/\/vogtpartner.eu\/fr\/wp-json\/wp\/v2\/pages\/1865","targetHints":{"allow":["GET"]}}],"collection":[{"href":"https:\/\/vogtpartner.eu\/fr\/wp-json\/wp\/v2\/pages"}],"about":[{"href":"https:\/\/vogtpartner.eu\/fr\/wp-json\/wp\/v2\/types\/page"}],"author":[{"embeddable":true,"href":"https:\/\/vogtpartner.eu\/fr\/wp-json\/wp\/v2\/users\/3"}],"replies":[{"embeddable":true,"href":"https:\/\/vogtpartner.eu\/fr\/wp-json\/wp\/v2\/comments?post=1865"}],"version-history":[{"count":2,"href":"https:\/\/vogtpartner.eu\/fr\/wp-json\/wp\/v2\/pages\/1865\/revisions"}],"predecessor-version":[{"id":2947,"href":"https:\/\/vogtpartner.eu\/fr\/wp-json\/wp\/v2\/pages\/1865\/revisions\/2947"}],"wp:featuredmedia":[{"embeddable":true,"href":"https:\/\/vogtpartner.eu\/fr\/wp-json\/wp\/v2\/media\/2273"}],"wp:attachment":[{"href":"https:\/\/vogtpartner.eu\/fr\/wp-json\/wp\/v2\/media?parent=1865"}],"curies":[{"name":"wp","href":"https:\/\/api.w.org\/{rel}","templated":true}]}}