{"id":2950,"date":"2015-09-01T07:58:05","date_gmt":"2015-09-01T05:58:05","guid":{"rendered":"http:\/\/vogtpartner.eu\/?page_id=2950"},"modified":"2015-09-01T07:58:05","modified_gmt":"2015-09-01T05:58:05","slug":"lumiere-pure","status":"publish","type":"page","link":"https:\/\/vogtpartner.eu\/fr\/lumiere-pure\/","title":{"rendered":"lumi\u00e8re pure."},"content":{"rendered":"<p>Depuis 1997, nous cr\u00e9ons des mondes uniques de lumi\u00e8re pour les espaces int\u00e9rieurs et ext\u00e9rieurs. Notre portefeuille comprend plus de 600 projets d\u2019\u00e9clairage et quelques-uns ont re\u00e7u des prix. Leur palette d\u2019application est riche de diversit\u00e9. De la salle de bain priv\u00e9e au sch\u00e9ma directeur d\u2019am\u00e9nagement de ville, r\u00e9seau ferroviaire ou a\u00e9roport, du projet d\u2019\u00e9clairage artistique interactif \u00e0 l\u2019\u00e9clairage technique public. Ce qui caract\u00e9rise chacun de nos projets, c\u2019est notre passion pour la conception avec les lumi\u00e8res artificielles et naturelles.<\/p>\n<p>PARTENARIAT<br \/>\nEn \u00e9troite collaboration avec le ma\u00eetre d\u2019ouvrage, l\u2019architecte et bureaux d\u2019ing\u00e9nierie, nous assurons la visibilit\u00e9 de l\u2019id\u00e9e conceptuelle et la mise en \u0153uvre pragmatique et durable du projet.<\/p>\n<p>INDEPENDANCE<br \/>\nNous sommes ind\u00e9pendants pour tous nos projets d\u2019\u00e9clairage int\u00e9rieurs et ext\u00e9rieurs. Notre r\u00e9seau international de fabricants nous permet d\u2019interpr\u00e9ter et d\u2019utiliser leurs innovations en fonction de chaque projet. Nous nous engageons \u00e0 pr\u00e9server les int\u00e9r\u00eats du client.<\/p>\n<p>EXHAUSTIVITE<br \/>\nNotre comp\u00e9tence fond\u00e9e en planification de la lumi\u00e8re naturelle, conception de la lumi\u00e8re artificielle, expertises d\u2019\u00e9clairage et en conception de produits nous caract\u00e9rise. L\u2019interdisciplinarit\u00e9 de nos \u00e9quipes, la formation continue, les appareils de mesure professionnels et des donn\u00e9es de r\u00e9f\u00e9rence compl\u00e8tes ainsi que la collaboration en recherche et enseignement assurent notre large comp\u00e9tence \u00e0 un niveau \u00e9lev\u00e9.<\/p>\n","protected":false},"excerpt":{"rendered":"<p>Depuis 1997, nous cr\u00e9ons des mondes uniques de lumi\u00e8re pour <img decoding=\"async\" class=\"button_pfeil_inhalt\" src=\"https:\/\/vogtpartner.eu\/wp-content\/themes\/vogt\/img\/button_pfeil_inhalt.png\" ><\/p>\n","protected":false},"author":9,"featured_media":0,"parent":0,"menu_order":3,"comment_status":"closed","ping_status":"closed","template":"","meta":{"_acf_changed":false,"footnotes":""},"class_list":["post-2950","page","type-page","status-publish","hentry"],"acf":[],"_links":{"self":[{"href":"https:\/\/vogtpartner.eu\/fr\/wp-json\/wp\/v2\/pages\/2950","targetHints":{"allow":["GET"]}}],"collection":[{"href":"https:\/\/vogtpartner.eu\/fr\/wp-json\/wp\/v2\/pages"}],"about":[{"href":"https:\/\/vogtpartner.eu\/fr\/wp-json\/wp\/v2\/types\/page"}],"author":[{"embeddable":true,"href":"https:\/\/vogtpartner.eu\/fr\/wp-json\/wp\/v2\/users\/9"}],"replies":[{"embeddable":true,"href":"https:\/\/vogtpartner.eu\/fr\/wp-json\/wp\/v2\/comments?post=2950"}],"version-history":[{"count":1,"href":"https:\/\/vogtpartner.eu\/fr\/wp-json\/wp\/v2\/pages\/2950\/revisions"}],"predecessor-version":[{"id":2951,"href":"https:\/\/vogtpartner.eu\/fr\/wp-json\/wp\/v2\/pages\/2950\/revisions\/2951"}],"wp:attachment":[{"href":"https:\/\/vogtpartner.eu\/fr\/wp-json\/wp\/v2\/media?parent=2950"}],"curies":[{"name":"wp","href":"https:\/\/api.w.org\/{rel}","templated":true}]}}